{"id":8340,"date":"2015-03-12T14:38:59","date_gmt":"2015-03-12T13:38:59","guid":{"rendered":"https:\/\/sukunfuku.com\/arquitectos-en-asturias-2\/"},"modified":"2024-07-11T11:42:12","modified_gmt":"2024-07-11T09:42:12","slug":"architects-in-asturias","status":"publish","type":"page","link":"https:\/\/sukunfuku.com\/en\/architects-in-asturias\/","title":{"rendered":"About us"},"content":{"rendered":"<div class=\"wpb-content-wrapper\"><p>[vc_row][vc_column][vc_single_image image=&#8221;6213&#8243; img_size=&#8221;large&#8221; alignment=&#8221;center&#8221;][\/vc_column][\/vc_row][vc_row][vc_column][vc_column_text]<strong>ENG<\/strong><\/p>\n<p><strong><a href=\"http:\/\/sukunfuku.com\/\" target=\"_blank\" rel=\"noopener noreferrer\">sukunfuku studio<\/a><\/strong>, founded in Rotterdam in 2008 by <strong><a href=\"http:\/\/sukunfuku.com\/wp-content\/uploads\/2023\/10\/CV-MH-1.pdf\">Miguel Huelga<\/a><\/strong> and <a href=\"https:\/\/sukunfuku.com\/wp-content\/uploads\/2020\/04\/CV-IP-web.pdf\"><strong>Iria de la Pe\u00f1a<\/strong><\/a>, was born almost by chance, in a city where in the 90s one of the last vanguards of architecture was born. That coincidence soon became the &#8220;causality&#8221; of a long-term project.<br \/>\nAfter 10 years working in international practices as Office for Metropolitan Architecture (Rem Koolhaas), Kengo Kuma &amp; Associates, David Chipperfield Architects, Akihisa Hirata Office, Acme and Duggan Morris Architects, in countries like Holland, Japan, France and England, the office was established permanently in Gij\u00f3n (Spain) since 2017.<br \/>\nThe studio&#8217;s work integrates research, architecture, urban planning, landscaping, and graphic design.<\/p>\n<p><strong>Origin:\u00a0<\/strong><em>sukunfuku<\/em> is a neologism formed of the sum of two japanese kanjis: \u201csuku \u7a7a\u201d &amp; \u201cfuku \u798f\u201d, which together means \u201cstream of luck\u201d.<strong><br \/>\nWhat we do:<\/strong> We face each project with maximum enthusiasm and dedication, from large and complex programs to a modest type design.<br \/>\n<strong>What we like:<\/strong> We enjoy working\u00a0with local artisans, using materials sourced near the project and adapt them to their new condition. We believe in traditional materials that can coexist with elements of new creation.<br \/>\n<strong>We\u2019d\u00a0like to think<\/strong>\u00a0that the space projected can improve people\u2019s life and evolve with them over time. That is why we approach each project, however small, as a challenge. To produce sensations to those using it, and uncertainty and curiosity to those who visit for the first time. We strongly believe that nothing is what seems to be\u2026<\/p>\n<p><strong>ESP<\/strong><\/p>\n<p><a href=\"http:\/\/sukunfuku.com\/\" target=\"_blank\" rel=\"noopener noreferrer\"><strong>sukunfuku studio<\/strong><\/a>, fundado en Rotterdam en 2008 por\u00a0<strong><a href=\"https:\/\/sukunfuku.com\/wp-content\/uploads\/2020\/04\/CV-MH-web.pdf\">Miguel Huelga<\/a>\u00a0<\/strong>e<a href=\"https:\/\/sukunfuku.com\/wp-content\/uploads\/2020\/04\/CV-IP-web.pdf\"><strong> Iria de la Pe\u00f1a<\/strong><\/a>, nace casi por casualidad, en una ciudad donde en los 90 se gest\u00f3 una de las \u00faltimas vanguardias de la arquitectura. Esa casualidad no tard\u00f3 en convertirse en \u201ccausalidad\u201d de un proyecto a largo plazo.<br \/>\nTras 10 a\u00f1os trabajando en despachos del \u00e1mbito internacional como Office for Metropolitan Architecture (Rem Koolhaas), Kengo Kuma &amp; Associates, David Chipperfield Architects, Akihisa Hirata Office, Acme y Duggan Morris Architects, en pa\u00edses como Holanda, Jap\u00f3n, Francia e Inglaterra, la oficina se establece definitivamente en Gij\u00f3n desde 2017.<br \/>\nEl trabajo del estudio integra investigaci\u00f3n, arquitectura, urbanismo, paisajismo y dise\u00f1o gr\u00e1fico.<\/p>\n<p><strong>Origen<\/strong>: sukunfuku es un neologismo como resultado de la suma de dos kanjis japoneses: \u201csuku \u7a7a\u201d &amp; \u201cfuku \u798f\u201d, que juntos significan \u201cbuena suerte\u201d.<strong><br \/>\nQu\u00e9 hacemos:<\/strong> Nos tomamos cada proyecto con la m\u00e1xima ilusi\u00f3n y dedicaci\u00f3n, desde programas grandes y complejos hasta un modesto dise\u00f1o tipogr\u00e1fico.<br \/>\n<strong>Qu\u00e9 nos gusta:\u00a0<\/strong>Disfrutamos trabajando con artesanos locales, disponer de los materiales que viven cerca del proyecto y adaptarlos a su nueva condici\u00f3n. Creemos que hay materiales tradicionales que siguen siendo modernos, y pueden convivir plenamente con algo de nueva creaci\u00f3n.<br \/>\n<strong>Nos gustar\u00eda creer<\/strong>\u00a0que la funci\u00f3n y utilidad del espacio que proyectamos hace algo m\u00e1s que cambiar la percepci\u00f3n visual del usuario. Pensamos que es algo que mejora la vida de las personas y que evoluciona con ellos. Por ello afrontamos cada proyecto, por peque\u00f1o que sea, como un reto. Producir sensaciones al que lo usa, e incertidumbre y curiosidad al que lo visita por primera vez. Creemos firmemente que nada es lo que parece, y que no te puedes fiar de una primera impresi\u00f3n: las apariencias enga\u00f1an\u2026<\/p>\n<p><strong>Competition Awards \/\u00a0<em>Premios en concursos<\/em><\/strong><\/p>\n<ul>\n<li><strong>2<\/strong><strong><sup>nd<\/sup><\/strong><strong>_ Prize.\u00a0<\/strong>2023 \u2013 Tera River Canyon viewpoint Competition, Zamora<\/li>\n<li><strong>Finalist P.<\/strong> 2023 \u2013 Asturian Architecture Awards. COAA Asturias. Spain<\/li>\n<li><strong>Finalist P. <\/strong>2023 \u2013 Museum\/Extension Convent of Santa Clara, Pontevedra. With <strong><a href=\"https:\/\/kkaa.co.jp\/\">Kengo Kuma &amp; Associates (JP<\/a>)<\/strong><\/li>\n<li><strong>3<sup>r<\/sup><\/strong><strong><sup>d<\/sup><\/strong><strong>_ Prize<\/strong><strong>. <\/strong>2023 \u2013 Conservatory of Music and Dance + Arts Center, Torrelavega. Spain<\/li>\n<li><strong>Finalist P<\/strong><strong>. <\/strong>2021 \u2013 Arts Center &#8216;La Lechera&#8217; and Contemporary Art Museum, Torrelavega. Spain<\/li>\n<li><strong>1<\/strong><strong><sup>st<\/sup><\/strong><strong>_ Prize.\u00a0<\/strong>2019 \u2013 Extension and restoration of the University Colonies, Salinas. Spain. With <strong><a href=\"https:\/\/z2arquitectos.com\/\">Z2arquitectos (SP)<\/a><\/strong><\/li>\n<li><strong>1<\/strong><strong><sup>st<\/sup><\/strong><strong>_ Prize.\u00a0<\/strong>2018\u00a0\u2013 Rock Art Interpretation Center in Puente Viesgo, Cantabria. Spain<\/li>\n<li><strong>1<\/strong><strong><sup>st<\/sup><\/strong><strong>_ Prize.\u00a0<\/strong>2017\u00a0\u2013 Europan 14: Sluisbuurt Master Plan, Amsterdam. The Netherlands<\/li>\n<li><strong>H<\/strong><strong><sup>on<\/sup><\/strong><strong>_ Mentn.<\/strong>\u00a02017 \u2013 Lasita Maja cabin\u00a0Architectural Design Contest. Slovenia<\/li>\n<li><strong>2<\/strong><strong><sup>nd<\/sup><\/strong><strong>_ Prize.\u00a0<\/strong>2015 \u2013 Archtriumph Sky Pavilion in V&amp;A Child Museum Gardens, London. UK<\/li>\n<li><strong>1<\/strong><strong><sup>st<\/sup><\/strong><strong>_ Prize.\u00a0<\/strong>2011 \u2013 Europan 11: Sea town extension, Simrishman. Sweden<\/li>\n<\/ul>\n<p><strong>Competition\u00a0Awards with other architecture practices \/\u00a0<em>Premios en concursos con otros estudios de arquitectura<\/em><\/strong><\/p>\n<ul>\n<li><strong>1<\/strong><strong><sup>st<\/sup><\/strong><strong>_ Prize.\u00a0<\/strong>2015 \u2013 Collective Housing: Albany State in London. UK. With <a href=\"https:\/\/morrisand.company\/\"><strong>Duggan Morris Architects (UK)<\/strong><\/a><\/li>\n<li><strong>2<\/strong><strong><sup>nd<\/sup><\/strong><strong>_ Prize.\u00a0<\/strong>2014 \u2013 MosFilm Cinema Studios\u00a0 in Moscow. Russia. With <a href=\"https:\/\/davidchipperfield.com\/\"><strong>David Chipperfield Architects\u00a0(UK)<\/strong><\/a><\/li>\n<li><strong>1<\/strong><strong><sup>st<\/sup><\/strong><strong>_ Prize.<\/strong> 2013 \u2013 Congress Center &amp; Philarmonic Hall in Angers. France. With <strong><a href=\"https:\/\/kkaa.co.jp\/\">Kengo Kuma &amp; Associates (JP<\/a>)<\/strong><\/li>\n<li><strong>2<\/strong><strong><sup>nd<\/sup><\/strong><strong>_ Prize.\u00a0<\/strong>2012 \u2013 Prefecture Library \u201cFuritsu Toshokan\u201d in Kyoto. Japan. With <a href=\"https:\/\/www.hao.nu\/\"><strong>Akihisa Hirata Office (JP)<\/strong><\/a><\/li>\n<li><strong>1<\/strong><strong><sup>st<\/sup><\/strong><strong>_ Prize.\u00a0<\/strong>2009 \u2013 Performing Art Center in Taipei. Taiwan. With <a href=\"https:\/\/www.oma.com\/\"><strong>Office for Metropolitan Architecture (NL)<\/strong><\/a><\/li>\n<li><strong>1<\/strong><strong><sup>st<\/sup><\/strong><strong>_ Prize.\u00a0<\/strong>2008 \u2013 City Hall Extension in Budapest. Hungary. With <a href=\"https:\/\/erickvanegeraat.com\/\"><strong>Erick van Egeraat Architects\u00a0(NL<\/strong>)<\/a><\/li>\n<li><strong>3<sup>r<\/sup><\/strong><strong><sup>d<\/sup><\/strong><strong>_ Prize<\/strong><strong>. <\/strong>2007 \u2013 Housing in Zaragoza. Spain. With <strong><a href=\"https:\/\/www.casanova-hernandez.com\/\">Casanova + Hernandez Architekten (NL)<\/a><\/strong><\/li>\n<\/ul>\n<p><strong>Exhibitions + Publications + Lectures \/ Exhibiciones + Publicaciones + Conferencias<\/strong><\/p>\n<ul>\n<li><strong>2020<\/strong> \u00b7 Thesis Jury Member. Creanavarra Design University \u00b7 Education \u00b7 Pamplona (SP)<\/li>\n<li><strong>2020<\/strong> \u00b7 El tiempo de las Colonias. University of Oviedo \u00b7 Book \u00b7 Oviedo (SP)<\/li>\n<li><strong>2019<\/strong> \u00b7 El tiempo de las Colonias. University of Oviedo \u00b7 Exhibition \u00b7 Salinas (SP)<\/li>\n<li><strong>2018<\/strong>\u00a0\u00b7 Europan 14 Results Catalogue. Productive Cities \u00b7 Book \u00b7 Europe (EU)<\/li>\n<li><strong>2018<\/strong>\u00a0\u00b7 Sluisbuurt Avond: Sustainability \u00b7 Lecture \u00b7 ARCAM\u00a0\u00b7 Amsterdam (NL)<\/li>\n<li><strong>2018<\/strong>\u00a0\u00b7 AV projects 085. Arquitectura Viva SL \u00b7 Europan 14 \u00b7 Magazine \u00b7 Madrid (SP)<\/li>\n<li><strong>2015\u00a0<\/strong>\u00b7 El Pa\u00eds. Del tirador a la ciudad. Anatxu Zabalbeascoa \u00b7 Interview \u00b7 Madrid (SP)<\/li>\n<li><strong>2014<\/strong> \u00b7 Triumph Pavilion ArchTriumph. V&amp;A Museum Gardens \u00b7 Exhibition \u00b7 London (UK)<\/li>\n<li><strong>2012\u00a0<\/strong>\u00b7 Europan 11 Results Catalogue. Reconnections \u00b7 Book \u00b7 Europe (EU)<\/li>\n<li><strong>2012<\/strong>\u00a0\u00b7 Europanic \u201cA thousand new ideas for our cities\u201d \u00b7 Book \u00b7 Sweden (SW)<\/li>\n<li><strong>2011<\/strong>\u00a0\u00b7 AV projects 048. Arquitectura Viva SL \u00b7 Europan 11 \u00b7 Magazine \u00b7 Madrid (SP)<\/li>\n<li><strong>2011<\/strong>\u00a0\u00b7 Spanish Europan 11 Results \u00b7 Fine Arts Circle \u00b7 Exhibition \u00b7 Madrid (SP)<\/li>\n<li><strong>2010<\/strong>\u00a0\u00b7 Performative Proliferations. ADDA. Elisava School \u00b7 Exhibition \u00b7 Barcelona (SP)<\/li>\n<li><strong>2009<\/strong>\u00a0\u00b7 Future Arquitecturas 15. Rotterdam \u00b7January 2009 \u00b7 Interview \u00b7 Madrid (SP)<\/li>\n<li><strong>2009\u00a0<\/strong>\u00b7 Shift Boston Exhibition. Gallery ad Mt Ida College \u00b7 Exhibition \u00b7 Newton, MA (US)<\/li>\n<\/ul>\n<p>Our working experience and team is presented below, have a look and feel free to contact us[\/vc_column_text][\/vc_column][\/vc_row][vc_row][vc_column reveal_effect=&#8221;fadeIn&#8221; reveal_duration=&#8221;0.7&#8243; reveal_delay=&#8221;0.1&#8243;][lab_heading title=&#8221;Team&#8221;][\/lab_heading][\/vc_column][\/vc_row][vc_row][vc_column reveal_effect=&#8221;fadeIn&#8221;][lab_team_members layout_type=&#8221;titles-inside&#8221; reveal_effect=&#8221;fadeIn&#8221; hover_style=&#8221;distanced&#8221; hover_bg=&#8221;rgba(255,255,255,0.7)&#8221; hover_txt=&#8221;#0a0a0a&#8221;][lab_team_members_member image=&#8221;4197&#8243; name=&#8221;sukunfuku&#8221; sub_title=&#8221;Office portfolio&#8221; link=&#8221;url:http%3A%2F%2Fsukunfuku.com%2Fwp-content%2Fuploads%2F2020%2F05%2FCV-Sukunfuku-studio-web.pdf|title:Curriculum%20Vitae|target:%20_blank|&#8221;][lab_team_members_member image=&#8221;4005&#8243; name=&#8221;Miguel Huelga&#8221; sub_title=&#8221;Curriculum vitae&#8221; link=&#8221;url:http%3A%2F%2Fsukunfuku.com%2Fwp-content%2Fuploads%2F2023%2F10%2FCV-MH-1.pdf|title:Curriculum%20Vitae|target:_blank&#8221;][lab_team_members_member image=&#8221;4006&#8243; name=&#8221;Iria de la Pe\u00f1a&#8221; sub_title=&#8221;Curriculum vitae&#8221; link=&#8221;url:http%3A%2F%2Fsukunfuku.com%2Fwp-content%2Fuploads%2F2020%2F04%2FCV-IP-web.pdf|title:Curriculum%20Vitae|target:%20_blank|&#8221;][lab_team_members_member image=&#8221;6536&#8243; name=&#8221;Before&#8230;&#8221; sub_title=&#8221;Past sukunfuku team&#8221; link=&#8221;url:mailto%3Ainfo%40sukunfuku.com||&#8221; description=&#8221;M\u00f3nica P\u00e9rez Zorrilla. ETSAVA<br \/>\nMar\u00eda Hern\u00e1ndez Herrero. ETSAV&#8221;][lab_team_members_member image=&#8221;4048&#8243; name=&#8221;Wanna join us?&#8221; sub_title=&#8221;Contact us now!&#8221; link=&#8221;url:mailto%3Ainfo%40sukunfuku.com||&#8221;][\/lab_team_members][vc_single_image image=&#8221;5408&#8243; img_size=&#8221;large&#8221; alignment=&#8221;center&#8221;][vc_single_image image=&#8221;5557&#8243; img_size=&#8221;large&#8221; alignment=&#8221;center&#8221;][vc_single_image image=&#8221;5180&#8243; img_size=&#8221;large&#8221; alignment=&#8221;center&#8221;][\/vc_column][\/vc_row]<\/p>\n<\/div>","protected":false},"excerpt":{"rendered":"<p>[vc_row][vc_column][vc_single_image image=&#8221;6213&#8243; img_size=&#8221;large&#8221; alignment=&#8221;center&#8221;][\/vc_column][\/vc_row][vc_row][vc_column][vc_column_text]ENG sukunfuku studio, founded in Rotterdam in 2008 by Miguel Huelga and Iria de la Pe\u00f1a, was born almost by chance, in a city where in the 90s one of the last vanguards of architecture was born. That coincidence soon became the &#8220;causality&#8221; of a long-term project. After 10 years working in&hellip;<\/p>\n","protected":false},"author":1,"featured_media":9093,"parent":0,"menu_order":0,"comment_status":"open","ping_status":"closed","template":"","meta":{"_acf_changed":false,"_monsterinsights_skip_tracking":false,"_monsterinsights_sitenote_active":false,"_monsterinsights_sitenote_note":"","_monsterinsights_sitenote_category":0,"footnotes":""},"class_list":["post-8340","page","type-page","status-publish","has-post-thumbnail","hentry"],"acf":[],"yoast_head":"<!-- This site is optimized with the Yoast SEO plugin v26.2 - https:\/\/yoast.com\/wordpress\/plugins\/seo\/ -->\n<title>Sukunfuku I Arquitectos en Asturias, estudios arquitectos en Asturias, mejores arquitectos Asturias, arquitectura modular Asturias, arquitectura modular estudios Asturias, arquitectos dise\u00f1o modular Asturias, proyectos arquitectura minimalista Asturias<\/title>\n<meta name=\"description\" content=\"Sukunfuku Dise\u00f1ando espacios para transformar sue\u00f1os, Arquitectos en Asturias, estudios arquitectos en Asturias, mejores arquitectos Asturias, arquitectura modular Asturias, arquitectura modular estudios Asturias, arquitectos dise\u00f1o modular Asturias, proyectos arquitectura minimalista Asturias\" \/>\n<meta name=\"robots\" content=\"index, follow, max-snippet:-1, max-image-preview:large, max-video-preview:-1\" \/>\n<link rel=\"canonical\" href=\"https:\/\/sukunfuku.com\/en\/architects-in-asturias\/\" \/>\n<meta property=\"og:locale\" content=\"en_US\" \/>\n<meta property=\"og:type\" content=\"article\" \/>\n<meta property=\"og:title\" content=\"Sukunfuku I Arquitectos en Asturias, estudios arquitectos en Asturias, mejores arquitectos Asturias, arquitectura modular Asturias, arquitectura modular estudios Asturias, arquitectos dise\u00f1o modular Asturias, proyectos arquitectura minimalista Asturias\" \/>\n<meta property=\"og:description\" content=\"Sukunfuku Dise\u00f1ando espacios para transformar sue\u00f1os, Arquitectos en Asturias, estudios arquitectos en Asturias, mejores arquitectos Asturias, arquitectura modular Asturias, arquitectura modular estudios Asturias, arquitectos dise\u00f1o modular Asturias, proyectos arquitectura minimalista Asturias\" \/>\n<meta property=\"og:url\" content=\"https:\/\/sukunfuku.com\/en\/architects-in-asturias\/\" \/>\n<meta property=\"og:site_name\" content=\"sukunfuku studio\" \/>\n<meta property=\"article:modified_time\" content=\"2024-07-11T09:42:12+00:00\" \/>\n<meta name=\"twitter:card\" content=\"summary_large_image\" \/>\n<meta name=\"twitter:label1\" content=\"Est. reading time\" \/>\n\t<meta name=\"twitter:data1\" content=\"6 minutes\" \/>\n<script type=\"application\/ld+json\" class=\"yoast-schema-graph\">{\"@context\":\"https:\/\/schema.org\",\"@graph\":[{\"@type\":\"WebPage\",\"@id\":\"https:\/\/sukunfuku.com\/en\/architects-in-asturias\/\",\"url\":\"https:\/\/sukunfuku.com\/en\/architects-in-asturias\/\",\"name\":\"Sukunfuku I Arquitectos en Asturias, estudios arquitectos en Asturias, mejores arquitectos Asturias, arquitectura modular Asturias, arquitectura modular estudios Asturias, arquitectos dise\u00f1o modular Asturias, proyectos arquitectura minimalista Asturias\",\"isPartOf\":{\"@id\":\"https:\/\/sukunfuku.com\/#website\"},\"primaryImageOfPage\":{\"@id\":\"https:\/\/sukunfuku.com\/en\/architects-in-asturias\/#primaryimage\"},\"image\":{\"@id\":\"https:\/\/sukunfuku.com\/en\/architects-in-asturias\/#primaryimage\"},\"thumbnailUrl\":\"https:\/\/sukunfuku.com\/wp-content\/uploads\/2026\/04\/maqueta.jpg\",\"datePublished\":\"2015-03-12T13:38:59+00:00\",\"dateModified\":\"2024-07-11T09:42:12+00:00\",\"description\":\"Sukunfuku Dise\u00f1ando espacios para transformar sue\u00f1os, Arquitectos en Asturias, estudios arquitectos en Asturias, mejores arquitectos Asturias, arquitectura modular Asturias, arquitectura modular estudios Asturias, arquitectos dise\u00f1o modular Asturias, proyectos arquitectura minimalista Asturias\",\"breadcrumb\":{\"@id\":\"https:\/\/sukunfuku.com\/en\/architects-in-asturias\/#breadcrumb\"},\"inLanguage\":\"en-US\",\"potentialAction\":[{\"@type\":\"ReadAction\",\"target\":[\"https:\/\/sukunfuku.com\/en\/architects-in-asturias\/\"]}]},{\"@type\":\"ImageObject\",\"inLanguage\":\"en-US\",\"@id\":\"https:\/\/sukunfuku.com\/en\/architects-in-asturias\/#primaryimage\",\"url\":\"https:\/\/sukunfuku.com\/wp-content\/uploads\/2026\/04\/maqueta.jpg\",\"contentUrl\":\"https:\/\/sukunfuku.com\/wp-content\/uploads\/2026\/04\/maqueta.jpg\",\"width\":1500,\"height\":1500},{\"@type\":\"BreadcrumbList\",\"@id\":\"https:\/\/sukunfuku.com\/en\/architects-in-asturias\/#breadcrumb\",\"itemListElement\":[{\"@type\":\"ListItem\",\"position\":1,\"name\":\"Portada\",\"item\":\"https:\/\/sukunfuku.com\/en\/\"},{\"@type\":\"ListItem\",\"position\":2,\"name\":\"About us\"}]},{\"@type\":\"WebSite\",\"@id\":\"https:\/\/sukunfuku.com\/#website\",\"url\":\"https:\/\/sukunfuku.com\/\",\"name\":\"sukunfuku studio\",\"description\":\"\",\"publisher\":{\"@id\":\"https:\/\/sukunfuku.com\/#organization\"},\"potentialAction\":[{\"@type\":\"SearchAction\",\"target\":{\"@type\":\"EntryPoint\",\"urlTemplate\":\"https:\/\/sukunfuku.com\/?s={search_term_string}\"},\"query-input\":{\"@type\":\"PropertyValueSpecification\",\"valueRequired\":true,\"valueName\":\"search_term_string\"}}],\"inLanguage\":\"en-US\"},{\"@type\":\"Organization\",\"@id\":\"https:\/\/sukunfuku.com\/#organization\",\"name\":\"sukunfuku studio\",\"url\":\"https:\/\/sukunfuku.com\/\",\"logo\":{\"@type\":\"ImageObject\",\"inLanguage\":\"en-US\",\"@id\":\"https:\/\/sukunfuku.com\/#\/schema\/logo\/image\/\",\"url\":\"https:\/\/sukunfuku.com\/wp-content\/uploads\/2015\/11\/cropped-sukunfuku-logo-white-02.png\",\"contentUrl\":\"https:\/\/sukunfuku.com\/wp-content\/uploads\/2015\/11\/cropped-sukunfuku-logo-white-02.png\",\"width\":512,\"height\":512,\"caption\":\"sukunfuku studio\"},\"image\":{\"@id\":\"https:\/\/sukunfuku.com\/#\/schema\/logo\/image\/\"},\"sameAs\":[\"https:\/\/www.instagram.com\/sukunfuku.studio\/\",\"https:\/\/www.linkedin.com\/company\/sukunfuku-studio\/\",\"https:\/\/www.pinterest.es\/sukunfuku\/\"]}]}<\/script>\n<!-- \/ Yoast SEO plugin. -->","yoast_head_json":{"title":"Sukunfuku I Arquitectos en Asturias, estudios arquitectos en Asturias, mejores arquitectos Asturias, arquitectura modular Asturias, arquitectura modular estudios Asturias, arquitectos dise\u00f1o modular Asturias, proyectos arquitectura minimalista Asturias","description":"Sukunfuku Dise\u00f1ando espacios para transformar sue\u00f1os, Arquitectos en Asturias, estudios arquitectos en Asturias, mejores arquitectos Asturias, arquitectura modular Asturias, arquitectura modular estudios Asturias, arquitectos dise\u00f1o modular Asturias, proyectos arquitectura minimalista Asturias","robots":{"index":"index","follow":"follow","max-snippet":"max-snippet:-1","max-image-preview":"max-image-preview:large","max-video-preview":"max-video-preview:-1"},"canonical":"https:\/\/sukunfuku.com\/en\/architects-in-asturias\/","og_locale":"en_US","og_type":"article","og_title":"Sukunfuku I Arquitectos en Asturias, estudios arquitectos en Asturias, mejores arquitectos Asturias, arquitectura modular Asturias, arquitectura modular estudios Asturias, arquitectos dise\u00f1o modular Asturias, proyectos arquitectura minimalista Asturias","og_description":"Sukunfuku Dise\u00f1ando espacios para transformar sue\u00f1os, Arquitectos en Asturias, estudios arquitectos en Asturias, mejores arquitectos Asturias, arquitectura modular Asturias, arquitectura modular estudios Asturias, arquitectos dise\u00f1o modular Asturias, proyectos arquitectura minimalista Asturias","og_url":"https:\/\/sukunfuku.com\/en\/architects-in-asturias\/","og_site_name":"sukunfuku studio","article_modified_time":"2024-07-11T09:42:12+00:00","twitter_card":"summary_large_image","twitter_misc":{"Est. reading time":"6 minutes"},"schema":{"@context":"https:\/\/schema.org","@graph":[{"@type":"WebPage","@id":"https:\/\/sukunfuku.com\/en\/architects-in-asturias\/","url":"https:\/\/sukunfuku.com\/en\/architects-in-asturias\/","name":"Sukunfuku I Arquitectos en Asturias, estudios arquitectos en Asturias, mejores arquitectos Asturias, arquitectura modular Asturias, arquitectura modular estudios Asturias, arquitectos dise\u00f1o modular Asturias, proyectos arquitectura minimalista Asturias","isPartOf":{"@id":"https:\/\/sukunfuku.com\/#website"},"primaryImageOfPage":{"@id":"https:\/\/sukunfuku.com\/en\/architects-in-asturias\/#primaryimage"},"image":{"@id":"https:\/\/sukunfuku.com\/en\/architects-in-asturias\/#primaryimage"},"thumbnailUrl":"https:\/\/sukunfuku.com\/wp-content\/uploads\/2026\/04\/maqueta.jpg","datePublished":"2015-03-12T13:38:59+00:00","dateModified":"2024-07-11T09:42:12+00:00","description":"Sukunfuku Dise\u00f1ando espacios para transformar sue\u00f1os, Arquitectos en Asturias, estudios arquitectos en Asturias, mejores arquitectos Asturias, arquitectura modular Asturias, arquitectura modular estudios Asturias, arquitectos dise\u00f1o modular Asturias, proyectos arquitectura minimalista Asturias","breadcrumb":{"@id":"https:\/\/sukunfuku.com\/en\/architects-in-asturias\/#breadcrumb"},"inLanguage":"en-US","potentialAction":[{"@type":"ReadAction","target":["https:\/\/sukunfuku.com\/en\/architects-in-asturias\/"]}]},{"@type":"ImageObject","inLanguage":"en-US","@id":"https:\/\/sukunfuku.com\/en\/architects-in-asturias\/#primaryimage","url":"https:\/\/sukunfuku.com\/wp-content\/uploads\/2026\/04\/maqueta.jpg","contentUrl":"https:\/\/sukunfuku.com\/wp-content\/uploads\/2026\/04\/maqueta.jpg","width":1500,"height":1500},{"@type":"BreadcrumbList","@id":"https:\/\/sukunfuku.com\/en\/architects-in-asturias\/#breadcrumb","itemListElement":[{"@type":"ListItem","position":1,"name":"Portada","item":"https:\/\/sukunfuku.com\/en\/"},{"@type":"ListItem","position":2,"name":"About us"}]},{"@type":"WebSite","@id":"https:\/\/sukunfuku.com\/#website","url":"https:\/\/sukunfuku.com\/","name":"sukunfuku studio","description":"","publisher":{"@id":"https:\/\/sukunfuku.com\/#organization"},"potentialAction":[{"@type":"SearchAction","target":{"@type":"EntryPoint","urlTemplate":"https:\/\/sukunfuku.com\/?s={search_term_string}"},"query-input":{"@type":"PropertyValueSpecification","valueRequired":true,"valueName":"search_term_string"}}],"inLanguage":"en-US"},{"@type":"Organization","@id":"https:\/\/sukunfuku.com\/#organization","name":"sukunfuku studio","url":"https:\/\/sukunfuku.com\/","logo":{"@type":"ImageObject","inLanguage":"en-US","@id":"https:\/\/sukunfuku.com\/#\/schema\/logo\/image\/","url":"https:\/\/sukunfuku.com\/wp-content\/uploads\/2015\/11\/cropped-sukunfuku-logo-white-02.png","contentUrl":"https:\/\/sukunfuku.com\/wp-content\/uploads\/2015\/11\/cropped-sukunfuku-logo-white-02.png","width":512,"height":512,"caption":"sukunfuku studio"},"image":{"@id":"https:\/\/sukunfuku.com\/#\/schema\/logo\/image\/"},"sameAs":["https:\/\/www.instagram.com\/sukunfuku.studio\/","https:\/\/www.linkedin.com\/company\/sukunfuku-studio\/","https:\/\/www.pinterest.es\/sukunfuku\/"]}]}},"_links":{"self":[{"href":"https:\/\/sukunfuku.com\/en\/wp-json\/wp\/v2\/pages\/8340","targetHints":{"allow":["GET"]}}],"collection":[{"href":"https:\/\/sukunfuku.com\/en\/wp-json\/wp\/v2\/pages"}],"about":[{"href":"https:\/\/sukunfuku.com\/en\/wp-json\/wp\/v2\/types\/page"}],"author":[{"embeddable":true,"href":"https:\/\/sukunfuku.com\/en\/wp-json\/wp\/v2\/users\/1"}],"replies":[{"embeddable":true,"href":"https:\/\/sukunfuku.com\/en\/wp-json\/wp\/v2\/comments?post=8340"}],"version-history":[{"count":1,"href":"https:\/\/sukunfuku.com\/en\/wp-json\/wp\/v2\/pages\/8340\/revisions"}],"predecessor-version":[{"id":8341,"href":"https:\/\/sukunfuku.com\/en\/wp-json\/wp\/v2\/pages\/8340\/revisions\/8341"}],"wp:featuredmedia":[{"embeddable":true,"href":"https:\/\/sukunfuku.com\/en\/wp-json\/wp\/v2\/media\/9093"}],"wp:attachment":[{"href":"https:\/\/sukunfuku.com\/en\/wp-json\/wp\/v2\/media?parent=8340"}],"curies":[{"name":"wp","href":"https:\/\/api.w.org\/{rel}","templated":true}]}}